{"id":9,"date":"2021-02-28T11:49:29","date_gmt":"2021-02-28T09:49:29","guid":{"rendered":"http:\/\/31.217.196.211\/~jvgjtxvc\/?page_id=9"},"modified":"2021-02-28T20:54:09","modified_gmt":"2021-02-28T18:54:09","slug":"ota-yhteytta","status":"publish","type":"page","link":"https:\/\/www.savomtb.fi\/?page_id=9","title":{"rendered":"Ota yhteytt\u00e4"},"content":{"rendered":"\n<p>SavoMTB hallituksen j\u00e4senet tavoitat s\u00e4hk\u00f6postiosoitteesta:<\/p>\n\n\n\n<p> <a href=\"mailto:info@savomtb.fi\">info@savomtb.fi<\/a><\/p>\n\n\n\n<div style=\"height:32px\" aria-hidden=\"true\" class=\"wp-block-spacer\"><\/div>\n\n\n\n<figure class=\"wp-block-image alignfull size-full is-style-rounded\"><img decoding=\"async\" loading=\"lazy\" width=\"2048\" height=\"1365\" src=\"http:\/\/31.217.196.211\/~jvgjtxvc\/wp-content\/uploads\/2021\/02\/1974376_777166695639380_8545349628160739828_o.jpg\" alt=\"\u00c5re, Ruotsi\" class=\"wp-image-90\" srcset=\"https:\/\/www.savomtb.fi\/wp-content\/uploads\/2021\/02\/1974376_777166695639380_8545349628160739828_o.jpg 2048w, https:\/\/www.savomtb.fi\/wp-content\/uploads\/2021\/02\/1974376_777166695639380_8545349628160739828_o-300x200.jpg 300w, https:\/\/www.savomtb.fi\/wp-content\/uploads\/2021\/02\/1974376_777166695639380_8545349628160739828_o-1024x683.jpg 1024w, https:\/\/www.savomtb.fi\/wp-content\/uploads\/2021\/02\/1974376_777166695639380_8545349628160739828_o-768x512.jpg 768w, https:\/\/www.savomtb.fi\/wp-content\/uploads\/2021\/02\/1974376_777166695639380_8545349628160739828_o-1536x1024.jpg 1536w, https:\/\/www.savomtb.fi\/wp-content\/uploads\/2021\/02\/1974376_777166695639380_8545349628160739828_o-448x300.jpg 448w\" sizes=\"(max-width: 2048px) 100vw, 2048px\" \/><\/figure>\n","protected":false},"excerpt":{"rendered":"<p>SavoMTB hallituksen j\u00e4senet tavoitat s\u00e4hk\u00f6postiosoitteesta: info@savomtb.fi<\/p>\n","protected":false},"author":1,"featured_media":0,"parent":0,"menu_order":0,"comment_status":"closed","ping_status":"closed","template":"","meta":{"footnotes":""},"_links":{"self":[{"href":"https:\/\/www.savomtb.fi\/index.php?rest_route=\/wp\/v2\/pages\/9"}],"collection":[{"href":"https:\/\/www.savomtb.fi\/index.php?rest_route=\/wp\/v2\/pages"}],"about":[{"href":"https:\/\/www.savomtb.fi\/index.php?rest_route=\/wp\/v2\/types\/page"}],"author":[{"embeddable":true,"href":"https:\/\/www.savomtb.fi\/index.php?rest_route=\/wp\/v2\/users\/1"}],"replies":[{"embeddable":true,"href":"https:\/\/www.savomtb.fi\/index.php?rest_route=%2Fwp%2Fv2%2Fcomments&post=9"}],"version-history":[{"count":5,"href":"https:\/\/www.savomtb.fi\/index.php?rest_route=\/wp\/v2\/pages\/9\/revisions"}],"predecessor-version":[{"id":145,"href":"https:\/\/www.savomtb.fi\/index.php?rest_route=\/wp\/v2\/pages\/9\/revisions\/145"}],"wp:attachment":[{"href":"https:\/\/www.savomtb.fi\/index.php?rest_route=%2Fwp%2Fv2%2Fmedia&parent=9"}],"curies":[{"name":"wp","href":"https:\/\/api.w.org\/{rel}","templated":true}]}}