{"id":355,"date":"2022-06-09T17:32:00","date_gmt":"2022-06-09T14:32:00","guid":{"rendered":"https:\/\/www.savomtb.fi\/?page_id=355"},"modified":"2023-10-07T15:14:52","modified_gmt":"2023-10-07T12:14:52","slug":"jasenedut-2022","status":"publish","type":"page","link":"https:\/\/www.savomtb.fi\/?page_id=355","title":{"rendered":"J\u00e4senedut"},"content":{"rendered":"\n<ul>\n<li>Seuran Evoc Bike Bag Pro py\u00f6r\u00e4laukun vuokraus 25\u20ac\/viikko. Hinta ei-j\u00e4senille 50\u20ac\/vko.<\/li>\n<\/ul>\n\n\n\n<div style=\"height:289px\" aria-hidden=\"true\" class=\"wp-block-spacer\"><\/div>\n\n\n\n<p>J\u00e4senetuja pyrit\u00e4\u00e4n koko ajan parantamaan. Jos tied\u00e4t yrityksen, joka haluaisi tarjota seuran j\u00e4senist\u00f6lle uusia etuuksia, olethan yhteydess\u00e4 seuran hallitukseen info(\u00e4t)savomtb.fi<\/p>\n","protected":false},"excerpt":{"rendered":"<p>J\u00e4senetuja pyrit\u00e4\u00e4n koko ajan parantamaan. Jos tied\u00e4t yrityksen, joka haluaisi tarjota seuran j\u00e4senist\u00f6lle uusia etuuksia, olethan yhteydess\u00e4 seuran hallitukseen info(\u00e4t)savomtb.fi<\/p>\n","protected":false},"author":1,"featured_media":0,"parent":0,"menu_order":0,"comment_status":"closed","ping_status":"closed","template":"","meta":{"footnotes":""},"_links":{"self":[{"href":"https:\/\/www.savomtb.fi\/index.php?rest_route=\/wp\/v2\/pages\/355"}],"collection":[{"href":"https:\/\/www.savomtb.fi\/index.php?rest_route=\/wp\/v2\/pages"}],"about":[{"href":"https:\/\/www.savomtb.fi\/index.php?rest_route=\/wp\/v2\/types\/page"}],"author":[{"embeddable":true,"href":"https:\/\/www.savomtb.fi\/index.php?rest_route=\/wp\/v2\/users\/1"}],"replies":[{"embeddable":true,"href":"https:\/\/www.savomtb.fi\/index.php?rest_route=%2Fwp%2Fv2%2Fcomments&post=355"}],"version-history":[{"count":3,"href":"https:\/\/www.savomtb.fi\/index.php?rest_route=\/wp\/v2\/pages\/355\/revisions"}],"predecessor-version":[{"id":524,"href":"https:\/\/www.savomtb.fi\/index.php?rest_route=\/wp\/v2\/pages\/355\/revisions\/524"}],"wp:attachment":[{"href":"https:\/\/www.savomtb.fi\/index.php?rest_route=%2Fwp%2Fv2%2Fmedia&parent=355"}],"curies":[{"name":"wp","href":"https:\/\/api.w.org\/{rel}","templated":true}]}}