{"id":302,"date":"2022-06-06T18:20:37","date_gmt":"2022-06-06T15:20:37","guid":{"rendered":"https:\/\/www.savomtb.fi\/?page_id=302"},"modified":"2023-07-18T10:29:46","modified_gmt":"2023-07-18T07:29:46","slug":"virtuaalikisat-2","status":"publish","type":"page","link":"https:\/\/www.savomtb.fi\/?page_id=302","title":{"rendered":"Virtuaalikisat"},"content":{"rendered":"\n<p>Virtuaalikisaamisella on tarkoitus vahvistaa kyl\u00e4kisakulttuuria matalan kynnyksen kisaformaatilla. Kilpailu tapahtuu Strava-sovelluksen kautta. Kisoihin voi osallistua annettuna aikav\u00e4lin\u00e4 silloin kun huvittaa ja hioa suoritustaan ajan kanssa. Jos kisasegmentti on yleisell\u00e4 polulla, otathan huomioon muut polunk\u00e4ytt\u00e4j\u00e4t.<\/p>\n\n\n<div class=\"wp-block-image\">\n<figure class=\"aligncenter is-resized\"><img decoding=\"async\" loading=\"lazy\" src=\"https:\/\/www.savomtb.fi\/wp-content\/uploads\/2022\/06\/flipped-1024x775.jpg\" alt=\"\" class=\"wp-image-315\" width=\"768\" height=\"581\" srcset=\"https:\/\/www.savomtb.fi\/wp-content\/uploads\/2022\/06\/flipped-1024x775.jpg 1024w, https:\/\/www.savomtb.fi\/wp-content\/uploads\/2022\/06\/flipped-300x227.jpg 300w, https:\/\/www.savomtb.fi\/wp-content\/uploads\/2022\/06\/flipped-768x581.jpg 768w, https:\/\/www.savomtb.fi\/wp-content\/uploads\/2022\/06\/flipped-396x300.jpg 396w, https:\/\/www.savomtb.fi\/wp-content\/uploads\/2022\/06\/flipped.jpg 1062w\" sizes=\"(max-width: 768px) 100vw, 768px\" \/><\/figure><\/div>\n\n\n<div class=\"wp-block-columns is-layout-flex wp-container-4 wp-block-columns-is-layout-flex\">\n<div class=\"wp-block-column is-layout-flow wp-block-column-is-layout-flow\" style=\"flex-basis:100%\"><nav class=\"has-text-color has-headings-color has-normal-font-size items-justified-center has-text-decoration-underline wp-block-navigation has-normal-font-size is-content-justification-center is-layout-flex wp-container-2 wp-block-navigation-is-layout-flex\" aria-label=\"Virtuaalikisat\"><ul class=\"wp-block-navigation__container has-text-color has-headings-color has-normal-font-size items-justified-center has-text-decoration-underline wp-block-navigation has-normal-font-size\"><li class=\"has-normal-font-size wp-block-navigation-item wp-block-navigation-link\"><a class=\"wp-block-navigation-item__content\"  href=\"https:\/\/www.savomtb.fi\/?page_id=302\"><span class=\"wp-block-navigation-item__label\">Info<\/span><\/a><\/li><li class=\"has-normal-font-size wp-block-navigation-item wp-block-navigation-link\"><a class=\"wp-block-navigation-item__content\"  href=\"https:\/\/www.savomtb.fi\/?page_id=272\"><span class=\"wp-block-navigation-item__label\">S\u00e4\u00e4nn\u00f6t<\/span><\/a><\/li><li class=\"has-normal-font-size wp-block-navigation-item wp-block-navigation-link\"><a class=\"wp-block-navigation-item__content\"  href=\"https:\/\/www.savomtb.fi\/?page_id=275\"><span class=\"wp-block-navigation-item__label\">Osallistumisohjeet<\/span><\/a><\/li><li class=\"has-normal-font-size wp-block-navigation-item wp-block-navigation-link\"><a class=\"wp-block-navigation-item__content\"  href=\"https:\/\/www.savomtb.fi\/?page_id=296\"><span class=\"wp-block-navigation-item__label\">Tulokset<\/span><\/a><\/li><\/ul><\/nav><\/div>\n<\/div>\n","protected":false},"excerpt":{"rendered":"<p>Virtuaalikisaamisella on tarkoitus vahvistaa kyl\u00e4kisakulttuuria matalan kynnyksen kisaformaatilla. Kilpailu tapahtuu Strava-sovelluksen kautta. Kisoihin voi osallistua annettuna aikav\u00e4lin\u00e4 silloin kun huvittaa ja hioa suoritustaan ajan kanssa. Jos kisasegmentti on yleisell\u00e4 polulla, otathan huomioon muut polunk\u00e4ytt\u00e4j\u00e4t.<\/p>\n","protected":false},"author":1,"featured_media":0,"parent":0,"menu_order":0,"comment_status":"closed","ping_status":"closed","template":"","meta":{"footnotes":""},"_links":{"self":[{"href":"https:\/\/www.savomtb.fi\/index.php?rest_route=\/wp\/v2\/pages\/302"}],"collection":[{"href":"https:\/\/www.savomtb.fi\/index.php?rest_route=\/wp\/v2\/pages"}],"about":[{"href":"https:\/\/www.savomtb.fi\/index.php?rest_route=\/wp\/v2\/types\/page"}],"author":[{"embeddable":true,"href":"https:\/\/www.savomtb.fi\/index.php?rest_route=\/wp\/v2\/users\/1"}],"replies":[{"embeddable":true,"href":"https:\/\/www.savomtb.fi\/index.php?rest_route=%2Fwp%2Fv2%2Fcomments&post=302"}],"version-history":[{"count":10,"href":"https:\/\/www.savomtb.fi\/index.php?rest_route=\/wp\/v2\/pages\/302\/revisions"}],"predecessor-version":[{"id":484,"href":"https:\/\/www.savomtb.fi\/index.php?rest_route=\/wp\/v2\/pages\/302\/revisions\/484"}],"wp:attachment":[{"href":"https:\/\/www.savomtb.fi\/index.php?rest_route=%2Fwp%2Fv2%2Fmedia&parent=302"}],"curies":[{"name":"wp","href":"https:\/\/api.w.org\/{rel}","templated":true}]}}