{"id":296,"date":"2022-06-04T16:59:46","date_gmt":"2022-06-04T13:59:46","guid":{"rendered":"https:\/\/www.savomtb.fi\/?page_id=296"},"modified":"2023-07-31T10:01:38","modified_gmt":"2023-07-31T07:01:38","slug":"virtuaalikisojen-tulokset","status":"publish","type":"page","link":"https:\/\/www.savomtb.fi\/?page_id=296","title":{"rendered":"Virtuaalikisojen tulokset"},"content":{"rendered":"\n<p class=\"has-larger-font-size\"><strong>2023<\/strong><\/p>\n\n\n\n<p><strong>#1 Panama (Tahko) (18.7.-31.7.)<\/strong><\/p>\n\n\n\n<figure class=\"wp-block-table\"><table><tbody><tr><td>Nimi<\/td><td class=\"has-text-align-left\" data-align=\"left\">Aika(minuuttia:sekuntia)<\/td><td>Sija<\/td><\/tr><tr><td>Juuso Karttunen<\/td><td class=\"has-text-align-left\" data-align=\"left\">2:26<\/td><td>1.<\/td><\/tr><tr><td>Miska Varis<\/td><td class=\"has-text-align-left\" data-align=\"left\">2:50<\/td><td>2.<\/td><\/tr><\/tbody><\/table><\/figure>\n\n\n\n<h1 class=\"wp-block-heading has-larger-font-size\" style=\"text-transform:uppercase\">2022<\/h1>\n\n\n\n<h3 class=\"wp-block-heading\">#1 Arton polku (6.6.2022 &#8211; 30.6.2022)<\/h3>\n\n\n\n<figure class=\"wp-block-table\"><table><tbody><tr><td>Nimi<\/td><td>Aika(minuuttia:sekuntia)<\/td><td>Sija<\/td><\/tr><tr><td>Arto Ilmonen<\/td><td>01:18<\/td><td>\ud83e\udd47<\/td><\/tr><tr><td>Olli Raatikainen<\/td><td>01:28<\/td><td>\ud83e\udd48<\/td><\/tr><tr><td>Juuso Karttunen<\/td><td>01:31<\/td><td>\ud83e\udd49<\/td><\/tr><tr><td>Tero Ik\u00e4heimo<\/td><td>01:41<\/td><td>\ud83c\udf7a<\/td><\/tr><\/tbody><\/table><\/figure>\n\n\n\n<h2 class=\"wp-block-heading\"><strong>#2 45 Special (1.7.2022 &#8211; 17.7.2022)<\/strong><\/h2>\n\n\n\n<figure class=\"wp-block-table\"><table><tbody><tr><td>Nimi(tai nimimerkki)<\/td><td>Aika(mm:ss)<\/td><td>Sijoitus<\/td><\/tr><tr><td>Tero Ik\u00e4heimo<\/td><td>01:16<\/td><td>\ud83e\udd47<\/td><\/tr><tr><td>Kimmo miettinen<\/td><td>01:20<\/td><td>\ud83e\udd48<\/td><\/tr><tr><td>Juuso Leskinen<\/td><td>01:21<\/td><td>\ud83e\udd49<\/td><\/tr><tr><td>Olli Raatikainen<\/td><td>01:22<\/td><td>4<\/td><\/tr><tr><td>Olli Utriainen<\/td><td>01:23<\/td><td>5<\/td><\/tr><\/tbody><\/table><\/figure>\n\n\n\n<h2 class=\"wp-block-heading\"><strong>#3 Tukkimets\u00e4 (18.7.2022 \u2013 31.7.2022)<\/strong><\/h2>\n\n\n\n<figure class=\"wp-block-table\"><table><tbody><tr><td>Nimi(tai nimimerkki)<\/td><td>Aika(mm:ss)<\/td><td>Sijoitus<\/td><\/tr><tr><td>Ismo Nikkonen<\/td><td>01:20<\/td><td>\ud83e\udd47<\/td><\/tr><tr><td>Juuso Karttunen<\/td><td>01:22<\/td><td>\ud83e\udd48<\/td><\/tr><tr><td>Tero Ik\u00e4heimo<\/td><td>01:23<\/td><td>\ud83e\udd49<\/td><\/tr><tr><td>Jani Miettinen<\/td><td>01:24<\/td><td>4<\/td><\/tr><tr><td>Olli Hiltunen<\/td><td>01:31<\/td><td>5<\/td><\/tr><tr><td>Olli Raatikainen<\/td><td>01:33<\/td><td>6<\/td><\/tr><tr><td>Jari R\u00e4s\u00e4nen<\/td><td>01:51<\/td><td>7<\/td><\/tr><\/tbody><\/table><\/figure>\n\n\n\n<div style=\"height:100px\" aria-hidden=\"true\" class=\"wp-block-spacer\"><\/div>\n\n\n<nav class=\"has-text-color has-headings-color has-normal-font-size items-justified-center has-text-decoration-underline wp-block-navigation has-normal-font-size is-content-justification-center is-layout-flex wp-container-2 wp-block-navigation-is-layout-flex\" aria-label=\"Virtuaalikisat\"><ul class=\"wp-block-navigation__container has-text-color has-headings-color has-normal-font-size items-justified-center has-text-decoration-underline wp-block-navigation has-normal-font-size\"><li class=\"has-normal-font-size wp-block-navigation-item wp-block-navigation-link\"><a class=\"wp-block-navigation-item__content\"  href=\"https:\/\/www.savomtb.fi\/?page_id=302\"><span class=\"wp-block-navigation-item__label\">Info<\/span><\/a><\/li><li class=\"has-normal-font-size wp-block-navigation-item wp-block-navigation-link\"><a class=\"wp-block-navigation-item__content\"  href=\"https:\/\/www.savomtb.fi\/?page_id=272\"><span class=\"wp-block-navigation-item__label\">S\u00e4\u00e4nn\u00f6t<\/span><\/a><\/li><li class=\"has-normal-font-size wp-block-navigation-item wp-block-navigation-link\"><a class=\"wp-block-navigation-item__content\"  href=\"https:\/\/www.savomtb.fi\/?page_id=275\"><span class=\"wp-block-navigation-item__label\">Osallistumisohjeet<\/span><\/a><\/li><li class=\"has-normal-font-size wp-block-navigation-item wp-block-navigation-link\"><a class=\"wp-block-navigation-item__content\"  href=\"https:\/\/www.savomtb.fi\/?page_id=296\"><span class=\"wp-block-navigation-item__label\">Tulokset<\/span><\/a><\/li><\/ul><\/nav>\n\n\n<div style=\"height:428px\" aria-hidden=\"true\" class=\"wp-block-spacer\"><\/div>\n","protected":false},"excerpt":{"rendered":"<p>2023 #1 Panama (Tahko) (18.7.-31.7.) Nimi Aika(minuuttia:sekuntia) Sija Juuso Karttunen 2:26 1. Miska Varis 2:50 2. 2022 #1 Arton polku (6.6.2022 &#8211; 30.6.2022) Nimi Aika(minuuttia:sekuntia) Sija Arto Ilmonen 01:18 \ud83e\udd47 Olli Raatikainen 01:28 \ud83e\udd48 Juuso &hellip;<\/p>\n","protected":false},"author":1,"featured_media":0,"parent":0,"menu_order":0,"comment_status":"closed","ping_status":"closed","template":"","meta":{"footnotes":""},"_links":{"self":[{"href":"https:\/\/www.savomtb.fi\/index.php?rest_route=\/wp\/v2\/pages\/296"}],"collection":[{"href":"https:\/\/www.savomtb.fi\/index.php?rest_route=\/wp\/v2\/pages"}],"about":[{"href":"https:\/\/www.savomtb.fi\/index.php?rest_route=\/wp\/v2\/types\/page"}],"author":[{"embeddable":true,"href":"https:\/\/www.savomtb.fi\/index.php?rest_route=\/wp\/v2\/users\/1"}],"replies":[{"embeddable":true,"href":"https:\/\/www.savomtb.fi\/index.php?rest_route=%2Fwp%2Fv2%2Fcomments&post=296"}],"version-history":[{"count":10,"href":"https:\/\/www.savomtb.fi\/index.php?rest_route=\/wp\/v2\/pages\/296\/revisions"}],"predecessor-version":[{"id":495,"href":"https:\/\/www.savomtb.fi\/index.php?rest_route=\/wp\/v2\/pages\/296\/revisions\/495"}],"wp:attachment":[{"href":"https:\/\/www.savomtb.fi\/index.php?rest_route=%2Fwp%2Fv2%2Fmedia&parent=296"}],"curies":[{"name":"wp","href":"https:\/\/api.w.org\/{rel}","templated":true}]}}