{"id":275,"date":"2022-06-04T16:34:21","date_gmt":"2022-06-04T13:34:21","guid":{"rendered":"https:\/\/www.savomtb.fi\/?page_id=275"},"modified":"2023-07-18T10:34:32","modified_gmt":"2023-07-18T07:34:32","slug":"osallistumisohjeet","status":"publish","type":"page","link":"https:\/\/www.savomtb.fi\/?page_id=275","title":{"rendered":"Osallistumisohjeet"},"content":{"rendered":"\n<ol><li>SavoMTB lis\u00e4\u00e4 verkkosivuilleen segmentin osoitteen esimerkiksi: <a rel=\"noreferrer noopener\" href=\"https:\/\/www.strava.com\/segments\/18137297\" data-type=\"URL\" data-id=\"https:\/\/www.strava.com\/segments\/18137297\" target=\"_blank\">N\u00e4lk\u00e4vuosi enduro<\/a><a rel=\"noreferrer noopener\" href=\"https:\/\/www.strava.com\/segments\/18137297\" data-type=\"URL\" data-id=\"https:\/\/www.strava.com\/segments\/18137297\" target=\"_blank\"><\/a><\/li><li>Etsi kyseinen polku ja aja suorituksesi.<\/li><li>Tallenna lenkki Stravaan <\/li><li>Avaa segmentin tiedot omalla tilill\u00e4si ja ota niist\u00e4 kuvankaappaus.<\/li><li>L\u00e4het\u00e4 <strong>kuva ja osallistujan nimi<\/strong>(tai nimimerkki) s\u00e4hk\u00f6postilla osoitteeseen kisa(\u00e4t)savomtb.fi<\/li><\/ol>\n\n\n<div class=\"wp-block-image\">\n<figure class=\"aligncenter\"><img decoding=\"async\" loading=\"lazy\" width=\"509\" height=\"1024\" src=\"https:\/\/www.savomtb.fi\/wp-content\/uploads\/2022\/06\/strava-esim-509x1024.jpg\" alt=\"\" class=\"wp-image-276\" srcset=\"https:\/\/www.savomtb.fi\/wp-content\/uploads\/2022\/06\/strava-esim-509x1024.jpg 509w, https:\/\/www.savomtb.fi\/wp-content\/uploads\/2022\/06\/strava-esim-149x300.jpg 149w, https:\/\/www.savomtb.fi\/wp-content\/uploads\/2022\/06\/strava-esim.jpg 636w\" sizes=\"(max-width: 509px) 100vw, 509px\" \/><\/figure><\/div>\n\n\n<p>Esimerkkikuva, miss\u00e4 n\u00e4kyy segmentin nimi, varmistus ett\u00e4 kyse on omasta suorituksesta, tulos ja sen suoritusaika.<\/p>\n\n\n\n<div style=\"height:32px\" aria-hidden=\"true\" class=\"wp-block-spacer\"><\/div>\n\n\n<nav class=\"has-text-color has-headings-color has-normal-font-size items-justified-center has-text-decoration-underline wp-block-navigation has-normal-font-size is-content-justification-center is-layout-flex wp-container-2 wp-block-navigation-is-layout-flex\" aria-label=\"Virtuaalikisat\"><ul class=\"wp-block-navigation__container has-text-color has-headings-color has-normal-font-size items-justified-center has-text-decoration-underline wp-block-navigation has-normal-font-size\"><li class=\"has-normal-font-size wp-block-navigation-item wp-block-navigation-link\"><a class=\"wp-block-navigation-item__content\"  href=\"https:\/\/www.savomtb.fi\/?page_id=302\"><span class=\"wp-block-navigation-item__label\">Info<\/span><\/a><\/li><li class=\"has-normal-font-size wp-block-navigation-item wp-block-navigation-link\"><a class=\"wp-block-navigation-item__content\"  href=\"https:\/\/www.savomtb.fi\/?page_id=272\"><span class=\"wp-block-navigation-item__label\">S\u00e4\u00e4nn\u00f6t<\/span><\/a><\/li><li class=\"has-normal-font-size wp-block-navigation-item wp-block-navigation-link\"><a class=\"wp-block-navigation-item__content\"  href=\"https:\/\/www.savomtb.fi\/?page_id=275\"><span class=\"wp-block-navigation-item__label\">Osallistumisohjeet<\/span><\/a><\/li><li class=\"has-normal-font-size wp-block-navigation-item wp-block-navigation-link\"><a class=\"wp-block-navigation-item__content\"  href=\"https:\/\/www.savomtb.fi\/?page_id=296\"><span class=\"wp-block-navigation-item__label\">Tulokset<\/span><\/a><\/li><\/ul><\/nav>","protected":false},"excerpt":{"rendered":"<p>SavoMTB lis\u00e4\u00e4 verkkosivuilleen segmentin osoitteen esimerkiksi: N\u00e4lk\u00e4vuosi enduro Etsi kyseinen polku ja aja suorituksesi. Tallenna lenkki Stravaan Avaa segmentin tiedot omalla tilill\u00e4si ja ota niist\u00e4 kuvankaappaus. L\u00e4het\u00e4 kuva ja osallistujan nimi(tai nimimerkki) s\u00e4hk\u00f6postilla osoitteeseen kisa(\u00e4t)savomtb.fi &hellip;<\/p>\n","protected":false},"author":1,"featured_media":0,"parent":0,"menu_order":0,"comment_status":"closed","ping_status":"closed","template":"","meta":{"footnotes":""},"_links":{"self":[{"href":"https:\/\/www.savomtb.fi\/index.php?rest_route=\/wp\/v2\/pages\/275"}],"collection":[{"href":"https:\/\/www.savomtb.fi\/index.php?rest_route=\/wp\/v2\/pages"}],"about":[{"href":"https:\/\/www.savomtb.fi\/index.php?rest_route=\/wp\/v2\/types\/page"}],"author":[{"embeddable":true,"href":"https:\/\/www.savomtb.fi\/index.php?rest_route=\/wp\/v2\/users\/1"}],"replies":[{"embeddable":true,"href":"https:\/\/www.savomtb.fi\/index.php?rest_route=%2Fwp%2Fv2%2Fcomments&post=275"}],"version-history":[{"count":9,"href":"https:\/\/www.savomtb.fi\/index.php?rest_route=\/wp\/v2\/pages\/275\/revisions"}],"predecessor-version":[{"id":487,"href":"https:\/\/www.savomtb.fi\/index.php?rest_route=\/wp\/v2\/pages\/275\/revisions\/487"}],"wp:attachment":[{"href":"https:\/\/www.savomtb.fi\/index.php?rest_route=%2Fwp%2Fv2%2Fmedia&parent=275"}],"curies":[{"name":"wp","href":"https:\/\/api.w.org\/{rel}","templated":true}]}}