{"id":272,"date":"2022-06-04T16:34:49","date_gmt":"2022-06-04T13:34:49","guid":{"rendered":"https:\/\/www.savomtb.fi\/?page_id=272"},"modified":"2023-07-18T10:33:54","modified_gmt":"2023-07-18T07:33:54","slug":"virtuaalikisat","status":"publish","type":"page","link":"https:\/\/www.savomtb.fi\/?page_id=272","title":{"rendered":"S\u00e4\u00e4nn\u00f6t"},"content":{"rendered":"\n<ul><li>Kisaan osallistuminen ei vaadi SavoMTB j\u00e4senyytt\u00e4!<\/li><li>Mill\u00e4 tahansa py\u00f6r\u00e4ll\u00e4 voi osallistua, s\u00e4hk\u00f6py\u00f6rille julkaistaan omat tuloksensa.<\/li><li>Kisa on &#8221;leikkimielinen&#8221;, eik\u00e4 osallistujat saa vaarantaa omaa tai toisten turvallisuutta toteuttaessa suoritustaan. Osallistujalla on <strong>aina <\/strong>v\u00e4ist\u00e4misvelvollisuus kohdatessa muita kulkijoita annetuilla reiteill\u00e4.<\/li><li>Jokainen osallistuja k\u00e4ytt\u00e4\u00e4 <a rel=\"noreferrer noopener\" href=\"http:\/\/strava.com\" data-type=\"URL\" data-id=\"strava.com\" target=\"_blank\">Strava-sovellusta<\/a> osallistuessaan kisaan.<\/li><li>SavoMTB ilmoittaa sivuillaan kisattavan segmentin, jolla osallistujan tulee ajaa suoritus annetulla aikav\u00e4lill\u00e4.<\/li><li>Osallistuja l\u00e4hett\u00e4\u00e4 suorituksestaan kuvankaappauksen s\u00e4hk\u00f6postilla osoitteeseen &#8221;kisa(\u00e4t)savomtb.fi&#8221;. HUOM! S\u00e4hk\u00f6postissa on oltava osallistujan nimi <em>tai vaihtoehtoisesti voi osallistua nimimerkill\u00e4<\/em>!<\/li><li>Kuvasta t\u00e4ytyy k\u00e4yd\u00e4 ilmi segmentin nimi, tieto ett\u00e4 kyseess\u00e4 oma suoritus, suorituksen tulos ja sen ajankohta. <\/li><li>Suorituksia voi ajaa niin paljon kuin haluaa mutta vain yksi tulos vastaanotetaan \/ hyv\u00e4ksyt\u00e4\u00e4n!<\/li><li>Kuva pit\u00e4\u00e4 l\u00e4hett\u00e4\u00e4 viimeist\u00e4\u00e4n annetun aikav\u00e4lin viimeisen\u00e4 p\u00e4iv\u00e4m\u00e4\u00e4r\u00e4n\u00e4. Esim. jos annettu aikav\u00e4li on 1.6.2022 &#8211; 30.6.2022, tulee kuvan olla l\u00e4hetettyn\u00e4 s\u00e4hk\u00f6postiin 30.6.2022 klo 24 menness\u00e4.<\/li><li>Tulokset julkaistaan viikon sis\u00e4\u00e4n segmentin sulkeuduttua SavoMTB verkkosivuilla.<\/li><\/ul>\n\n\n\n<div style=\"height:32px\" aria-hidden=\"true\" class=\"wp-block-spacer\"><\/div>\n\n\n<nav class=\"has-text-color has-headings-color has-normal-font-size items-justified-center has-text-decoration-underline wp-block-navigation has-normal-font-size is-content-justification-center is-layout-flex wp-container-2 wp-block-navigation-is-layout-flex\" aria-label=\"Virtuaalikisat\"><ul class=\"wp-block-navigation__container has-text-color has-headings-color has-normal-font-size items-justified-center has-text-decoration-underline wp-block-navigation has-normal-font-size\"><li class=\"has-normal-font-size wp-block-navigation-item wp-block-navigation-link\"><a class=\"wp-block-navigation-item__content\"  href=\"https:\/\/www.savomtb.fi\/?page_id=302\"><span class=\"wp-block-navigation-item__label\">Info<\/span><\/a><\/li><li class=\"has-normal-font-size wp-block-navigation-item wp-block-navigation-link\"><a class=\"wp-block-navigation-item__content\"  href=\"https:\/\/www.savomtb.fi\/?page_id=272\"><span class=\"wp-block-navigation-item__label\">S\u00e4\u00e4nn\u00f6t<\/span><\/a><\/li><li class=\"has-normal-font-size wp-block-navigation-item wp-block-navigation-link\"><a class=\"wp-block-navigation-item__content\"  href=\"https:\/\/www.savomtb.fi\/?page_id=275\"><span class=\"wp-block-navigation-item__label\">Osallistumisohjeet<\/span><\/a><\/li><li class=\"has-normal-font-size wp-block-navigation-item wp-block-navigation-link\"><a class=\"wp-block-navigation-item__content\"  href=\"https:\/\/www.savomtb.fi\/?page_id=296\"><span class=\"wp-block-navigation-item__label\">Tulokset<\/span><\/a><\/li><\/ul><\/nav>","protected":false},"excerpt":{"rendered":"<p>Kisaan osallistuminen ei vaadi SavoMTB j\u00e4senyytt\u00e4! Mill\u00e4 tahansa py\u00f6r\u00e4ll\u00e4 voi osallistua, s\u00e4hk\u00f6py\u00f6rille julkaistaan omat tuloksensa. Kisa on &#8221;leikkimielinen&#8221;, eik\u00e4 osallistujat saa vaarantaa omaa tai toisten turvallisuutta toteuttaessa suoritustaan. Osallistujalla on aina v\u00e4ist\u00e4misvelvollisuus kohdatessa muita kulkijoita &hellip;<\/p>\n","protected":false},"author":1,"featured_media":0,"parent":0,"menu_order":0,"comment_status":"closed","ping_status":"closed","template":"","meta":{"footnotes":""},"_links":{"self":[{"href":"https:\/\/www.savomtb.fi\/index.php?rest_route=\/wp\/v2\/pages\/272"}],"collection":[{"href":"https:\/\/www.savomtb.fi\/index.php?rest_route=\/wp\/v2\/pages"}],"about":[{"href":"https:\/\/www.savomtb.fi\/index.php?rest_route=\/wp\/v2\/types\/page"}],"author":[{"embeddable":true,"href":"https:\/\/www.savomtb.fi\/index.php?rest_route=\/wp\/v2\/users\/1"}],"replies":[{"embeddable":true,"href":"https:\/\/www.savomtb.fi\/index.php?rest_route=%2Fwp%2Fv2%2Fcomments&post=272"}],"version-history":[{"count":14,"href":"https:\/\/www.savomtb.fi\/index.php?rest_route=\/wp\/v2\/pages\/272\/revisions"}],"predecessor-version":[{"id":486,"href":"https:\/\/www.savomtb.fi\/index.php?rest_route=\/wp\/v2\/pages\/272\/revisions\/486"}],"wp:attachment":[{"href":"https:\/\/www.savomtb.fi\/index.php?rest_route=%2Fwp%2Fv2%2Fmedia&parent=272"}],"curies":[{"name":"wp","href":"https:\/\/api.w.org\/{rel}","templated":true}]}}