{"id":203,"date":"2021-03-06T22:02:17","date_gmt":"2021-03-06T20:02:17","guid":{"rendered":"https:\/\/www.savomtb.fi\/?page_id=203"},"modified":"2021-03-06T22:23:13","modified_gmt":"2021-03-06T20:23:13","slug":"huuha","status":"publish","type":"page","link":"https:\/\/www.savomtb.fi\/?page_id=203","title":{"rendered":"Huuha"},"content":{"rendered":"\n<p class=\"has-text-align-center\"><strong>Huom! Alueella ei saa omin p\u00e4in tehd\u00e4 muutoksia hyppyreihin tai muihin rakennelmiin!<\/strong><\/p>\n\n\n\n<figure class=\"wp-block-image size-large\"><img decoding=\"async\" loading=\"lazy\" width=\"1024\" height=\"768\" src=\"https:\/\/www.savomtb.fi\/wp-content\/uploads\/2021\/03\/huuha-kesa-1024x768.jpg\" alt=\"\" class=\"wp-image-217\" srcset=\"https:\/\/www.savomtb.fi\/wp-content\/uploads\/2021\/03\/huuha-kesa-1024x768.jpg 1024w, https:\/\/www.savomtb.fi\/wp-content\/uploads\/2021\/03\/huuha-kesa-300x225.jpg 300w, https:\/\/www.savomtb.fi\/wp-content\/uploads\/2021\/03\/huuha-kesa-768x576.jpg 768w, https:\/\/www.savomtb.fi\/wp-content\/uploads\/2021\/03\/huuha-kesa-1536x1152.jpg 1536w, https:\/\/www.savomtb.fi\/wp-content\/uploads\/2021\/03\/huuha-kesa-2048x1536.jpg 2048w, https:\/\/www.savomtb.fi\/wp-content\/uploads\/2021\/03\/huuha-kesa-400x300.jpg 400w\" sizes=\"(max-width: 1024px) 100vw, 1024px\" \/><\/figure>\n\n\n\n<p class=\"has-text-align-center\">Mik\u00e4li rakennusintoa l\u00f6ytyy. Ota yhteytt\u00e4 <a href=\"mailto:info@savomtb.fi\">info@savomtb.fi<\/a>, niin ohjaamme sinut yhteyksiin alueen yll\u00e4pidosta vastaavien henkil\u00f6iden kanssa.<\/p>\n\n\n\n<div style=\"height:64px\" aria-hidden=\"true\" class=\"wp-block-spacer\"><\/div>\n\n\n\n<div style=\"width:100%;height:80vh;margin:auto;\">\n<iframe loading=\"lazy\" src=\"https:\/\/www.google.com\/maps\/d\/embed?mid=1Rmr7Yu5wjZPfOqPX5LucOkZK3Epqe7No\" width=\"100%\" height=\"100%\"><\/iframe>\n<\/div>\n","protected":false},"excerpt":{"rendered":"<p>Huom! Alueella ei saa omin p\u00e4in tehd\u00e4 muutoksia hyppyreihin tai muihin rakennelmiin! Mik\u00e4li rakennusintoa l\u00f6ytyy. Ota yhteytt\u00e4 info@savomtb.fi, niin ohjaamme sinut yhteyksiin alueen yll\u00e4pidosta vastaavien henkil\u00f6iden kanssa.<\/p>\n","protected":false},"author":1,"featured_media":0,"parent":0,"menu_order":0,"comment_status":"closed","ping_status":"closed","template":"","meta":{"footnotes":""},"_links":{"self":[{"href":"https:\/\/www.savomtb.fi\/index.php?rest_route=\/wp\/v2\/pages\/203"}],"collection":[{"href":"https:\/\/www.savomtb.fi\/index.php?rest_route=\/wp\/v2\/pages"}],"about":[{"href":"https:\/\/www.savomtb.fi\/index.php?rest_route=\/wp\/v2\/types\/page"}],"author":[{"embeddable":true,"href":"https:\/\/www.savomtb.fi\/index.php?rest_route=\/wp\/v2\/users\/1"}],"replies":[{"embeddable":true,"href":"https:\/\/www.savomtb.fi\/index.php?rest_route=%2Fwp%2Fv2%2Fcomments&post=203"}],"version-history":[{"count":14,"href":"https:\/\/www.savomtb.fi\/index.php?rest_route=\/wp\/v2\/pages\/203\/revisions"}],"predecessor-version":[{"id":223,"href":"https:\/\/www.savomtb.fi\/index.php?rest_route=\/wp\/v2\/pages\/203\/revisions\/223"}],"wp:attachment":[{"href":"https:\/\/www.savomtb.fi\/index.php?rest_route=%2Fwp%2Fv2%2Fmedia&parent=203"}],"curies":[{"name":"wp","href":"https:\/\/api.w.org\/{rel}","templated":true}]}}