{"id":132,"date":"2021-02-28T20:38:09","date_gmt":"2021-02-28T18:38:09","guid":{"rendered":"http:\/\/31.217.196.211\/~jvgjtxvc\/?page_id=132"},"modified":"2023-01-11T20:55:12","modified_gmt":"2023-01-11T18:55:12","slug":"yhteistyokumppanit","status":"publish","type":"page","link":"https:\/\/www.savomtb.fi\/?page_id=132","title":{"rendered":"Yhteisty\u00f6kumppanit"},"content":{"rendered":"\n<div class=\"wp-block-columns is-layout-flex wp-container-6 wp-block-columns-is-layout-flex\">\n<div class=\"wp-block-column is-layout-flow wp-block-column-is-layout-flow\">\n<div style=\"height:16px\" aria-hidden=\"true\" class=\"wp-block-spacer\"><\/div>\n\n\n<div class=\"wp-block-image\">\n<figure class=\"aligncenter size-large is-resized\"><img decoding=\"async\" loading=\"lazy\" src=\"https:\/\/www.savomtb.fi\/wp-content\/uploads\/2021\/02\/kuopio-tahko.png\" alt=\"\" class=\"wp-image-136\" width=\"380\" height=\"176\" srcset=\"https:\/\/www.savomtb.fi\/wp-content\/uploads\/2021\/02\/kuopio-tahko.png 405w, https:\/\/www.savomtb.fi\/wp-content\/uploads\/2021\/02\/kuopio-tahko-300x139.png 300w\" sizes=\"(max-width: 380px) 100vw, 380px\" \/><figcaption>Kuopion kaupunki mahdollistaa huuhan dirt-radan olemassa olon ja Tahkonrinteet on vahvasti mukana kehitt\u00e4m\u00e4ss\u00e4 tahkon maastopy\u00f6r\u00e4ily mahdollisuuksi.<\/figcaption><\/figure><\/div><\/div>\n\n\n\n<div class=\"wp-block-column is-layout-flow wp-block-column-is-layout-flow\">\n<div class=\"wp-block-group alignwide is-layout-flow wp-block-group-is-layout-flow\"><div class=\"wp-block-group__inner-container\"><\/div><\/div>\n\n\n\n<div class=\"wp-block-group is-layout-flow wp-block-group-is-layout-flow\"><div class=\"wp-block-group__inner-container\"><\/div><\/div>\n\n\n\n<div class=\"wp-block-group is-layout-flow wp-block-group-is-layout-flow\"><div class=\"wp-block-group__inner-container\">\n<p><\/p>\n<\/div><\/div>\n<\/div>\n<\/div>\n\n\n\n<div style=\"height:160px\" aria-hidden=\"true\" class=\"wp-block-spacer\"><\/div>\n\n\n\n<p><\/p>\n","protected":false},"excerpt":{"rendered":"","protected":false},"author":1,"featured_media":0,"parent":0,"menu_order":0,"comment_status":"closed","ping_status":"closed","template":"","meta":{"footnotes":""},"_links":{"self":[{"href":"https:\/\/www.savomtb.fi\/index.php?rest_route=\/wp\/v2\/pages\/132"}],"collection":[{"href":"https:\/\/www.savomtb.fi\/index.php?rest_route=\/wp\/v2\/pages"}],"about":[{"href":"https:\/\/www.savomtb.fi\/index.php?rest_route=\/wp\/v2\/types\/page"}],"author":[{"embeddable":true,"href":"https:\/\/www.savomtb.fi\/index.php?rest_route=\/wp\/v2\/users\/1"}],"replies":[{"embeddable":true,"href":"https:\/\/www.savomtb.fi\/index.php?rest_route=%2Fwp%2Fv2%2Fcomments&post=132"}],"version-history":[{"count":10,"href":"https:\/\/www.savomtb.fi\/index.php?rest_route=\/wp\/v2\/pages\/132\/revisions"}],"predecessor-version":[{"id":463,"href":"https:\/\/www.savomtb.fi\/index.php?rest_route=\/wp\/v2\/pages\/132\/revisions\/463"}],"wp:attachment":[{"href":"https:\/\/www.savomtb.fi\/index.php?rest_route=%2Fwp%2Fv2%2Fmedia&parent=132"}],"curies":[{"name":"wp","href":"https:\/\/api.w.org\/{rel}","templated":true}]}}