{"id":114,"date":"2021-02-28T19:34:50","date_gmt":"2021-02-28T17:34:50","guid":{"rendered":"http:\/\/31.217.196.211\/~jvgjtxvc\/?page_id=114"},"modified":"2024-08-07T18:15:09","modified_gmt":"2024-08-07T15:15:09","slug":"liity-jaseneksi","status":"publish","type":"page","link":"https:\/\/www.savomtb.fi\/?page_id=114","title":{"rendered":"Liity j\u00e4seneksi"},"content":{"rendered":"<p><span style=\"color: #000000;\">Liittym\u00e4ll\u00e4 olet mukana hyv\u00e4ss\u00e4 porukassa, josta l\u00f6ytyy ajoseuraa kaiken tasoisille kuskeille sek\u00e4 olet mukana tukemassa maastopy\u00f6r\u00e4ilyn kehityst\u00e4 Pohjois-Savossa.<\/span><\/p>\n<p><span style=\"color: #000000;\">Lis\u00e4ksi seuranj\u00e4senet saavat alennuksia yhteisty\u00f6kumppaneilta ja p\u00e4\u00e4sev\u00e4t osallistumaan seuran j\u00e4rjest\u00e4miin yksityisiin tapahtumiin kuten saunaillat, ajoreissut ulkomaille yms.<\/span><\/p>\n<p><span style=\"color: #000000;\">Liittyminen on helppoa!<\/span><br \/><span style=\"color: #000000;\">Liitty\u00e4ksesi maksat vain kuluvan kauden j\u00e4senmaksun seuran tilille ja laitat viestin seuran s\u00e4hk\u00f6postiin <a href=\"mailto:info@savomtb.fi\">info@savomtb.fi<\/a>, joka sis\u00e4lt\u00e4\u00e4 nimesi ja s\u00e4hk\u00f6posti osoitteen mihin haluat tietoja seuran kokouksista ja tapahtumista.<\/span><\/p>\n<p>Voit my\u00f6s liitty\u00e4 kannatusj\u00e4seneksi haluamallasi summalla tukeaksesi seuran toimintaa. Kannatusj\u00e4senyys ei sido sinua mihink\u00e4\u00e4n. My\u00f6sk\u00e4\u00e4n seuran j\u00e4senedut eiv\u00e4t kuulu kannatusj\u00e4senille.<\/p>\n\n\n<div style=\"height:10px\" aria-hidden=\"true\" class=\"wp-block-spacer\"><\/div>\n\n\n\n<h2 class=\"wp-block-heading\">Maksun tiedot<\/h2>\n\n\n\n<figure class=\"wp-block-table is-style-stripes\"><table><tbody><tr><td><strong>Saaja<\/strong><\/td><td>SavoMTB Ry<\/td><\/tr><tr><td><strong>Tilinumero<\/strong><\/td><td>FI71 4786 0010 0230 36<\/td><\/tr><tr><td><strong>J\u00e4senmaksu kaudelle 2024<\/strong><\/td><td><strong>Aikuinen<\/strong> 25\u20ac<\/td><\/tr><tr><td><\/td><td><strong>Juniorit<\/strong> 15\u20ac (alle 18v)<\/td><\/tr><tr><td><\/td><td><strong>Perhe<\/strong> 30\u20ac (Vain ydinperhe! Lis\u00e4\u00e4 maksun viestikentt\u00e4\u00e4n perheenj\u00e4senten tiedot tai l\u00e4het\u00e4 ne s\u00e4hk\u00f6postilla)<\/td><\/tr><tr><td><\/td><td><strong>Kannatusj\u00e4sen<\/strong> Vapaavalintainen summa<\/td><\/tr><tr><td><strong>Viestiin<\/strong><\/td><td>J\u00e4senmaksu SMTB 2024 Etunimi Sukunimi, S\u00e4hk\u00f6postiosoite<br>Tai<br>Kannatusj\u00e4sen 2024 Etunimi Sukunimi<\/td><\/tr><\/tbody><\/table><\/figure>\n","protected":false},"excerpt":{"rendered":"<p>Liittym\u00e4ll\u00e4 olet mukana hyv\u00e4ss\u00e4 porukassa, josta l\u00f6ytyy ajoseuraa kaiken tasoisille kuskeille sek\u00e4 olet mukana tukemassa maastopy\u00f6r\u00e4ilyn kehityst\u00e4 Pohjois-Savossa. Lis\u00e4ksi seuranj\u00e4senet saavat alennuksia yhteisty\u00f6kumppaneilta ja p\u00e4\u00e4sev\u00e4t osallistumaan seuran j\u00e4rjest\u00e4miin yksityisiin tapahtumiin kuten saunaillat, ajoreissut ulkomaille yms. &hellip;<\/p>\n","protected":false},"author":1,"featured_media":0,"parent":0,"menu_order":0,"comment_status":"closed","ping_status":"closed","template":"","meta":{"footnotes":""},"_links":{"self":[{"href":"https:\/\/www.savomtb.fi\/index.php?rest_route=\/wp\/v2\/pages\/114"}],"collection":[{"href":"https:\/\/www.savomtb.fi\/index.php?rest_route=\/wp\/v2\/pages"}],"about":[{"href":"https:\/\/www.savomtb.fi\/index.php?rest_route=\/wp\/v2\/types\/page"}],"author":[{"embeddable":true,"href":"https:\/\/www.savomtb.fi\/index.php?rest_route=\/wp\/v2\/users\/1"}],"replies":[{"embeddable":true,"href":"https:\/\/www.savomtb.fi\/index.php?rest_route=%2Fwp%2Fv2%2Fcomments&post=114"}],"version-history":[{"count":7,"href":"https:\/\/www.savomtb.fi\/index.php?rest_route=\/wp\/v2\/pages\/114\/revisions"}],"predecessor-version":[{"id":529,"href":"https:\/\/www.savomtb.fi\/index.php?rest_route=\/wp\/v2\/pages\/114\/revisions\/529"}],"wp:attachment":[{"href":"https:\/\/www.savomtb.fi\/index.php?rest_route=%2Fwp%2Fv2%2Fmedia&parent=114"}],"curies":[{"name":"wp","href":"https:\/\/api.w.org\/{rel}","templated":true}]}}