{"id":103,"date":"2021-02-28T19:22:25","date_gmt":"2021-02-28T17:22:25","guid":{"rendered":"http:\/\/31.217.196.211\/~jvgjtxvc\/?page_id=103"},"modified":"2021-03-06T18:48:02","modified_gmt":"2021-03-06T16:48:02","slug":"savomtb-ry","status":"publish","type":"page","link":"https:\/\/www.savomtb.fi\/?page_id=103","title":{"rendered":"SavoMTB Ry"},"content":{"rendered":"\n<div class=\"wp-block-group\"><div class=\"wp-block-group__inner-container is-layout-flow wp-block-group-is-layout-flow\">\n<p><span style=\"color: #000000;\">On syksyll\u00e4 2008 perustettu Maastopy\u00f6r\u00e4seura, jonka pyrkimyksen\u00e4 on edist\u00e4\u00e4 maatopy\u00f6r\u00e4ilyn n\u00e4kyvyytt\u00e4 ja harrastusmahdollisuuksia Pohjois-Savon alueella. Kuopiossa seuran toimesta on saaneet alkunsa Huuhan dirt-rata, Antikkalan alam\u00e4kiradat ja Tahkolla olemme rakentaneet suurimman osan radoista talkoo voimin. Olemme olleet my\u00f6s mukana toteuttamassa Kuopion ensimm\u00e4ist\u00e4 merkitty\u00e4 maastopy\u00f6r\u00e4rataa.<\/span><\/p>\n<p><span style=\"color: #000000;\"><strong data-rich-text-format-boundary=\"true\">Seuran toimintaan kuuluu<\/strong><\/span><\/p>\n<ul>\n<li style=\"list-style-type: none;\">\n<ul id=\"block-2bd69ca6-20f8-4b50-997c-e9cf6af2874b\" class=\"block-editor-rich-text__editable block-editor-block-list__block wp-block is-selected has-headings-color has-text-color rich-text\" tabindex=\"0\" role=\"group\" contenteditable=\"true\" aria-multiline=\"true\" aria-label=\"Lohko: Lista\" data-block=\"2bd69ca6-20f8-4b50-997c-e9cf6af2874b\" data-type=\"core\/list\" data-title=\"Lista\">\n<li><span style=\"color: #000000;\">Huuhan dirt-radan yll\u00e4pito.<\/span><\/li>\n<li><span style=\"color: #000000;\">Tahkon maastopy\u00f6r\u00e4reittien kehitt\u00e4minen.<\/span><\/li>\n<li><span style=\"color: #000000;\">Maastopy\u00f6r\u00e4kisojen j\u00e4rjest\u00e4minen Pohjois-savon alueella.<\/span><\/li>\n<li><span style=\"color: #000000;\">Seuran sis\u00e4isten tapahtumien j\u00e4rjest\u00e4minen.<\/span><\/li>\n<\/ul>\n<\/li>\n<\/ul>\n\n\n\n<div style=\"height:16px\" aria-hidden=\"true\" class=\"wp-block-spacer\"><\/div>\n\n\n\n<p><\/p>\n<\/div><\/div>\n\n\n\n<p>Seura on historiassaan ollut mukana j\u00e4rjest\u00e4m\u00e4ss\u00e4 monia SM-kisoja DH ja Enduro sarjoissa. Mik\u00e4li olet aikeissa j\u00e4rjest\u00e4\u00e4 maastopy\u00f6r\u00e4ily tapahtuman Kuopion tai Tahkon maastoissa ja tarvitset j\u00e4rjestely apua. Ole yhteydess\u00e4 meihin s\u00e4hk\u00f6postitse <a href=\"mailto:info@savomtb.fi\">info@savomtb.fi<\/a> ja tehd\u00e4\u00e4n tapahtumasta totta.<\/p>\n\n\n\n<div class=\"wp-block-group\"><div class=\"wp-block-group__inner-container is-layout-flow wp-block-group-is-layout-flow\">\n<div class=\"wp-block-columns is-layout-flex wp-container-3 wp-block-columns-is-layout-flex\">\n<div class=\"wp-block-column is-layout-flow wp-block-column-is-layout-flow\">\n<div style=\"height:77px\" aria-hidden=\"true\" class=\"wp-block-spacer\"><\/div>\n<\/div>\n<\/div>\n<\/div><\/div>\n\n\n\n<p><\/p>\n","protected":false},"excerpt":{"rendered":"<p>On syksyll\u00e4 2008 perustettu Maastopy\u00f6r\u00e4seura, jonka pyrkimyksen\u00e4 on edist\u00e4\u00e4 maatopy\u00f6r\u00e4ilyn n\u00e4kyvyytt\u00e4 ja harrastusmahdollisuuksia Pohjois-Savon alueella. Kuopiossa seuran toimesta on saaneet alkunsa Huuhan dirt-rata, Antikkalan alam\u00e4kiradat ja Tahkolla olemme rakentaneet suurimman osan radoista talkoo voimin. Olemme &hellip;<\/p>\n","protected":false},"author":1,"featured_media":0,"parent":0,"menu_order":0,"comment_status":"closed","ping_status":"closed","template":"","meta":{"footnotes":""},"_links":{"self":[{"href":"https:\/\/www.savomtb.fi\/index.php?rest_route=\/wp\/v2\/pages\/103"}],"collection":[{"href":"https:\/\/www.savomtb.fi\/index.php?rest_route=\/wp\/v2\/pages"}],"about":[{"href":"https:\/\/www.savomtb.fi\/index.php?rest_route=\/wp\/v2\/types\/page"}],"author":[{"embeddable":true,"href":"https:\/\/www.savomtb.fi\/index.php?rest_route=\/wp\/v2\/users\/1"}],"replies":[{"embeddable":true,"href":"https:\/\/www.savomtb.fi\/index.php?rest_route=%2Fwp%2Fv2%2Fcomments&post=103"}],"version-history":[{"count":15,"href":"https:\/\/www.savomtb.fi\/index.php?rest_route=\/wp\/v2\/pages\/103\/revisions"}],"predecessor-version":[{"id":196,"href":"https:\/\/www.savomtb.fi\/index.php?rest_route=\/wp\/v2\/pages\/103\/revisions\/196"}],"wp:attachment":[{"href":"https:\/\/www.savomtb.fi\/index.php?rest_route=%2Fwp%2Fv2%2Fmedia&parent=103"}],"curies":[{"name":"wp","href":"https:\/\/api.w.org\/{rel}","templated":true}]}}